








{"id":2415,"date":"2025-09-03T16:53:42","date_gmt":"2025-09-03T14:53:42","guid":{"rendered":"https:\/\/www.istropolis.sk\/?page_id=2415"},"modified":"2026-01-27T11:18:41","modified_gmt":"2026-01-27T10:18:41","slug":"ponuka-byvania","status":"publish","type":"page","link":"https:\/\/www.istropolis.sk\/en\/ponuka-byvania\/","title":{"rendered":"Live in a lively neighborhood"},"content":{"rendered":"","protected":false},"excerpt":{"rendered":"","protected":false},"author":1,"featured_media":2451,"parent":0,"menu_order":0,"comment_status":"closed","ping_status":"closed","template":"ponuka-bytov.php","meta":{"_acf_changed":false},"class_list":["post-2415","page","type-page","status-publish","has-post-thumbnail","hentry"],"acf":[],"yoast_head":"<!-- This site is optimized with the Yoast SEO plugin v27.3 - https:\/\/yoast.com\/product\/yoast-seo-wordpress\/ -->\n<title>Live in a lively neighborhood - Istropolis<\/title>\n<meta name=\"description\" content=\"Peaceful, stylish, economical \u2014 and above all, yours. Customize your home in Istropolis by choosing a flat that perfectly suits your needs.\" \/>\n<meta name=\"robots\" content=\"index, follow, max-snippet:-1, max-image-preview:large, max-video-preview:-1\" \/>\n<link rel=\"canonical\" href=\"https:\/\/www.istropolis.sk\/en\/ponuka-byvania\/\" \/>\n<meta property=\"og:locale\" content=\"en_US\" \/>\n<meta property=\"og:type\" content=\"article\" \/>\n<meta property=\"og:title\" content=\"Live in a lively neighborhood - Istropolis\" \/>\n<meta property=\"og:description\" content=\"Peaceful, stylish, economical \u2014 and above all, yours. Customize your home in Istropolis by choosing a flat that perfectly suits your needs.\" \/>\n<meta property=\"og:url\" content=\"https:\/\/www.istropolis.sk\/en\/ponuka-byvania\/\" \/>\n<meta property=\"og:site_name\" content=\"Istropolis\" \/>\n<meta property=\"article:publisher\" content=\"https:\/\/www.facebook.com\/istropolis.sk\" \/>\n<meta property=\"article:modified_time\" content=\"2026-01-27T10:18:41+00:00\" \/>\n<meta property=\"og:image\" content=\"https:\/\/www.istropolis.sk\/wp-content\/uploads\/2026\/01\/istropolis-park-fb.webp\" \/>\n\t<meta property=\"og:image:width\" content=\"4000\" \/>\n\t<meta property=\"og:image:height\" content=\"2250\" \/>\n\t<meta property=\"og:image:type\" content=\"image\/webp\" \/>\n<meta name=\"twitter:card\" content=\"summary_large_image\" \/>\n<meta name=\"twitter:label1\" content=\"Est. reading time\" \/>\n\t<meta name=\"twitter:data1\" content=\"3 minutes\" \/>\n<script type=\"application\/ld+json\" class=\"yoast-schema-graph\">{\"@context\":\"https:\\\/\\\/schema.org\",\"@graph\":[{\"@type\":\"WebPage\",\"@id\":\"https:\\\/\\\/www.istropolis.sk\\\/en\\\/ponuka-byvania\\\/\",\"url\":\"https:\\\/\\\/www.istropolis.sk\\\/en\\\/ponuka-byvania\\\/\",\"name\":\"Live in a lively neighborhood - Istropolis\",\"isPartOf\":{\"@id\":\"https:\\\/\\\/www.istropolis.sk\\\/en\\\/#website\"},\"primaryImageOfPage\":{\"@id\":\"https:\\\/\\\/www.istropolis.sk\\\/en\\\/ponuka-byvania\\\/#primaryimage\"},\"image\":{\"@id\":\"https:\\\/\\\/www.istropolis.sk\\\/en\\\/ponuka-byvania\\\/#primaryimage\"},\"thumbnailUrl\":\"https:\\\/\\\/www.istropolis.sk\\\/wp-content\\\/uploads\\\/2026\\\/01\\\/istropolis-park-fb.webp\",\"datePublished\":\"2025-09-03T14:53:42+00:00\",\"dateModified\":\"2026-01-27T10:18:41+00:00\",\"description\":\"Peaceful, stylish, economical \u2014 and above all, yours. Customize your home in Istropolis by choosing a flat that perfectly suits your needs.\",\"breadcrumb\":{\"@id\":\"https:\\\/\\\/www.istropolis.sk\\\/en\\\/ponuka-byvania\\\/#breadcrumb\"},\"inLanguage\":\"en-US\",\"potentialAction\":[{\"@type\":\"ReadAction\",\"target\":[\"https:\\\/\\\/www.istropolis.sk\\\/en\\\/ponuka-byvania\\\/\"]}]},{\"@type\":\"ImageObject\",\"inLanguage\":\"en-US\",\"@id\":\"https:\\\/\\\/www.istropolis.sk\\\/en\\\/ponuka-byvania\\\/#primaryimage\",\"url\":\"https:\\\/\\\/www.istropolis.sk\\\/wp-content\\\/uploads\\\/2026\\\/01\\\/istropolis-park-fb.webp\",\"contentUrl\":\"https:\\\/\\\/www.istropolis.sk\\\/wp-content\\\/uploads\\\/2026\\\/01\\\/istropolis-park-fb.webp\",\"width\":4000,\"height\":2250,\"caption\":\"Residence Block A in Istropolis\"},{\"@type\":\"BreadcrumbList\",\"@id\":\"https:\\\/\\\/www.istropolis.sk\\\/en\\\/ponuka-byvania\\\/#breadcrumb\",\"itemListElement\":[{\"@type\":\"ListItem\",\"position\":1,\"name\":\"Home\",\"item\":\"https:\\\/\\\/www.istropolis.sk\\\/en\\\/\"},{\"@type\":\"ListItem\",\"position\":2,\"name\":\"Live in a lively neighborhood\"}]},{\"@type\":\"WebSite\",\"@id\":\"https:\\\/\\\/www.istropolis.sk\\\/en\\\/#website\",\"url\":\"https:\\\/\\\/www.istropolis.sk\\\/en\\\/\",\"name\":\"Istropolis - \u0160tvr\u0165 celomestsk\u00e9ho v\u00fdznamu\",\"description\":\"\u0160tvr\u0165 celomestsk\u00e9ho v\u00fdznamu\",\"publisher\":{\"@id\":\"https:\\\/\\\/www.istropolis.sk\\\/en\\\/#organization\"},\"alternateName\":\"Istropolis - \u0160tvr\u0165 celomestsk\u00e9ho v\u00fdznamu\",\"potentialAction\":[{\"@type\":\"SearchAction\",\"target\":{\"@type\":\"EntryPoint\",\"urlTemplate\":\"https:\\\/\\\/www.istropolis.sk\\\/en\\\/?s={search_term_string}\"},\"query-input\":{\"@type\":\"PropertyValueSpecification\",\"valueRequired\":true,\"valueName\":\"search_term_string\"}}],\"inLanguage\":\"en-US\"},{\"@type\":\"Organization\",\"@id\":\"https:\\\/\\\/www.istropolis.sk\\\/en\\\/#organization\",\"name\":\"Immocap, a.s.\",\"url\":\"https:\\\/\\\/www.istropolis.sk\\\/en\\\/\",\"logo\":{\"@type\":\"ImageObject\",\"inLanguage\":\"en-US\",\"@id\":\"https:\\\/\\\/www.istropolis.sk\\\/en\\\/#\\\/schema\\\/logo\\\/image\\\/\",\"url\":\"https:\\\/\\\/www.istropolis.sk\\\/wp-content\\\/uploads\\\/2025\\\/02\\\/IMMOCAP_Primary-logo_Color-1.png\",\"contentUrl\":\"https:\\\/\\\/www.istropolis.sk\\\/wp-content\\\/uploads\\\/2025\\\/02\\\/IMMOCAP_Primary-logo_Color-1.png\",\"width\":2380,\"height\":477,\"caption\":\"Immocap, a.s.\"},\"image\":{\"@id\":\"https:\\\/\\\/www.istropolis.sk\\\/en\\\/#\\\/schema\\\/logo\\\/image\\\/\"},\"sameAs\":[\"https:\\\/\\\/www.facebook.com\\\/istropolis.sk\",\"https:\\\/\\\/www.instagram.com\\\/istropolis.sk\\\/\"]}]}<\/script>\n<!-- \/ Yoast SEO plugin. -->","yoast_head_json":{"title":"Live in a lively neighborhood - Istropolis","description":"Peaceful, stylish, economical \u2014 and above all, yours. Customize your home in Istropolis by choosing a flat that perfectly suits your needs.","robots":{"index":"index","follow":"follow","max-snippet":"max-snippet:-1","max-image-preview":"max-image-preview:large","max-video-preview":"max-video-preview:-1"},"canonical":"https:\/\/www.istropolis.sk\/en\/ponuka-byvania\/","og_locale":"en_US","og_type":"article","og_title":"Live in a lively neighborhood - Istropolis","og_description":"Peaceful, stylish, economical \u2014 and above all, yours. Customize your home in Istropolis by choosing a flat that perfectly suits your needs.","og_url":"https:\/\/www.istropolis.sk\/en\/ponuka-byvania\/","og_site_name":"Istropolis","article_publisher":"https:\/\/www.facebook.com\/istropolis.sk","article_modified_time":"2026-01-27T10:18:41+00:00","og_image":[{"width":4000,"height":2250,"url":"https:\/\/www.istropolis.sk\/wp-content\/uploads\/2026\/01\/istropolis-park-fb.webp","type":"image\/webp"}],"twitter_card":"summary_large_image","twitter_misc":{"Est. reading time":"3 minutes"},"schema":{"@context":"https:\/\/schema.org","@graph":[{"@type":"WebPage","@id":"https:\/\/www.istropolis.sk\/en\/ponuka-byvania\/","url":"https:\/\/www.istropolis.sk\/en\/ponuka-byvania\/","name":"Live in a lively neighborhood - Istropolis","isPartOf":{"@id":"https:\/\/www.istropolis.sk\/en\/#website"},"primaryImageOfPage":{"@id":"https:\/\/www.istropolis.sk\/en\/ponuka-byvania\/#primaryimage"},"image":{"@id":"https:\/\/www.istropolis.sk\/en\/ponuka-byvania\/#primaryimage"},"thumbnailUrl":"https:\/\/www.istropolis.sk\/wp-content\/uploads\/2026\/01\/istropolis-park-fb.webp","datePublished":"2025-09-03T14:53:42+00:00","dateModified":"2026-01-27T10:18:41+00:00","description":"Peaceful, stylish, economical \u2014 and above all, yours. Customize your home in Istropolis by choosing a flat that perfectly suits your needs.","breadcrumb":{"@id":"https:\/\/www.istropolis.sk\/en\/ponuka-byvania\/#breadcrumb"},"inLanguage":"en-US","potentialAction":[{"@type":"ReadAction","target":["https:\/\/www.istropolis.sk\/en\/ponuka-byvania\/"]}]},{"@type":"ImageObject","inLanguage":"en-US","@id":"https:\/\/www.istropolis.sk\/en\/ponuka-byvania\/#primaryimage","url":"https:\/\/www.istropolis.sk\/wp-content\/uploads\/2026\/01\/istropolis-park-fb.webp","contentUrl":"https:\/\/www.istropolis.sk\/wp-content\/uploads\/2026\/01\/istropolis-park-fb.webp","width":4000,"height":2250,"caption":"Residence Block A in Istropolis"},{"@type":"BreadcrumbList","@id":"https:\/\/www.istropolis.sk\/en\/ponuka-byvania\/#breadcrumb","itemListElement":[{"@type":"ListItem","position":1,"name":"Home","item":"https:\/\/www.istropolis.sk\/en\/"},{"@type":"ListItem","position":2,"name":"Live in a lively neighborhood"}]},{"@type":"WebSite","@id":"https:\/\/www.istropolis.sk\/en\/#website","url":"https:\/\/www.istropolis.sk\/en\/","name":"Istropolis - \u0160tvr\u0165 celomestsk\u00e9ho v\u00fdznamu","description":"\u0160tvr\u0165 celomestsk\u00e9ho v\u00fdznamu","publisher":{"@id":"https:\/\/www.istropolis.sk\/en\/#organization"},"alternateName":"Istropolis - \u0160tvr\u0165 celomestsk\u00e9ho v\u00fdznamu","potentialAction":[{"@type":"SearchAction","target":{"@type":"EntryPoint","urlTemplate":"https:\/\/www.istropolis.sk\/en\/?s={search_term_string}"},"query-input":{"@type":"PropertyValueSpecification","valueRequired":true,"valueName":"search_term_string"}}],"inLanguage":"en-US"},{"@type":"Organization","@id":"https:\/\/www.istropolis.sk\/en\/#organization","name":"Immocap, a.s.","url":"https:\/\/www.istropolis.sk\/en\/","logo":{"@type":"ImageObject","inLanguage":"en-US","@id":"https:\/\/www.istropolis.sk\/en\/#\/schema\/logo\/image\/","url":"https:\/\/www.istropolis.sk\/wp-content\/uploads\/2025\/02\/IMMOCAP_Primary-logo_Color-1.png","contentUrl":"https:\/\/www.istropolis.sk\/wp-content\/uploads\/2025\/02\/IMMOCAP_Primary-logo_Color-1.png","width":2380,"height":477,"caption":"Immocap, a.s."},"image":{"@id":"https:\/\/www.istropolis.sk\/en\/#\/schema\/logo\/image\/"},"sameAs":["https:\/\/www.facebook.com\/istropolis.sk","https:\/\/www.instagram.com\/istropolis.sk\/"]}]}},"_links":{"self":[{"href":"https:\/\/www.istropolis.sk\/en\/wp-json\/wp\/v2\/pages\/2415","targetHints":{"allow":["GET"]}}],"collection":[{"href":"https:\/\/www.istropolis.sk\/en\/wp-json\/wp\/v2\/pages"}],"about":[{"href":"https:\/\/www.istropolis.sk\/en\/wp-json\/wp\/v2\/types\/page"}],"author":[{"embeddable":true,"href":"https:\/\/www.istropolis.sk\/en\/wp-json\/wp\/v2\/users\/1"}],"replies":[{"embeddable":true,"href":"https:\/\/www.istropolis.sk\/en\/wp-json\/wp\/v2\/comments?post=2415"}],"version-history":[{"count":7,"href":"https:\/\/www.istropolis.sk\/en\/wp-json\/wp\/v2\/pages\/2415\/revisions"}],"predecessor-version":[{"id":3095,"href":"https:\/\/www.istropolis.sk\/en\/wp-json\/wp\/v2\/pages\/2415\/revisions\/3095"}],"wp:featuredmedia":[{"embeddable":true,"href":"https:\/\/www.istropolis.sk\/en\/wp-json\/wp\/v2\/media\/2451"}],"wp:attachment":[{"href":"https:\/\/www.istropolis.sk\/en\/wp-json\/wp\/v2\/media?parent=2415"}],"curies":[{"name":"wp","href":"https:\/\/api.w.org\/{rel}","templated":true}]}}