








{"id":2317,"date":"2024-06-12T15:48:30","date_gmt":"2024-06-12T13:48:30","guid":{"rendered":"https:\/\/www.istropolis.sk\/a-district-of-citywide-significance\/"},"modified":"2026-01-27T15:51:31","modified_gmt":"2026-01-27T14:51:31","slug":"a-district-of-citywide-significance","status":"publish","type":"page","link":"https:\/\/www.istropolis.sk\/en\/","title":{"rendered":"A district of citywide significance"},"content":{"rendered":"","protected":false},"excerpt":{"rendered":"","protected":false},"author":1,"featured_media":2315,"parent":0,"menu_order":0,"comment_status":"closed","ping_status":"closed","template":"front-page.php","meta":{"_acf_changed":false},"class_list":["post-2317","page","type-page","status-publish","has-post-thumbnail","hentry"],"acf":[],"yoast_head":"<!-- This site is optimized with the Yoast SEO plugin v27.3 - https:\/\/yoast.com\/product\/yoast-seo-wordpress\/ -->\n<title>Istropolis - A district of citywide significance<\/title>\n<meta name=\"description\" content=\"We are changing a transfer station into a destination. We will create Istropolis as a sought-after location where everyone can find something for themselves - whether it&#039;s a new home, work, culture, or just a place to relax.\" \/>\n<meta name=\"robots\" content=\"index, follow, max-snippet:-1, max-image-preview:large, max-video-preview:-1\" \/>\n<link rel=\"canonical\" href=\"https:\/\/www.istropolis.sk\/en\/\" \/>\n<meta property=\"og:locale\" content=\"en_US\" \/>\n<meta property=\"og:type\" content=\"article\" \/>\n<meta property=\"og:title\" content=\"Istropolis - A district of citywide significance\" \/>\n<meta property=\"og:description\" content=\"We are changing a transfer station into a destination. We will create Istropolis as a sought-after location where everyone can find something for themselves - whether it&#039;s a new home, work, culture, or just a place to relax.\" \/>\n<meta property=\"og:url\" content=\"https:\/\/www.istropolis.sk\/en\/\" \/>\n<meta property=\"og:site_name\" content=\"Istropolis\" \/>\n<meta property=\"article:publisher\" content=\"https:\/\/www.facebook.com\/istropolis.sk\" \/>\n<meta property=\"article:modified_time\" content=\"2026-01-27T14:51:31+00:00\" \/>\n<meta property=\"og:image\" content=\"https:\/\/www.istropolis.sk\/wp-content\/uploads\/2025\/02\/01_Istropolis_celok_den-2-1-1024x670.jpg\" \/>\n<meta name=\"twitter:card\" content=\"summary_large_image\" \/>\n<meta name=\"twitter:title\" content=\"Istropolis - A district of citywide significance\" \/>\n<meta name=\"twitter:description\" content=\"We are changing a transfer station into a destination. We will create Istropolis as a sought-after location where everyone can find something for themselves - whether it&#039;s a new home, work, culture, or just a place to relax.\" \/>\n<meta name=\"twitter:image\" content=\"https:\/\/www.istropolis.sk\/wp-content\/uploads\/2025\/02\/01_Istropolis_celok_den-2-1-1024x670.jpg\" \/>\n<meta name=\"twitter:label1\" content=\"Est. reading time\" \/>\n\t<meta name=\"twitter:data1\" content=\"6 minutes\" \/>\n<script type=\"application\/ld+json\" class=\"yoast-schema-graph\">{\"@context\":\"https:\\\/\\\/schema.org\",\"@graph\":[{\"@type\":\"WebPage\",\"@id\":\"https:\\\/\\\/www.istropolis.sk\\\/en\\\/\",\"url\":\"https:\\\/\\\/www.istropolis.sk\\\/en\\\/\",\"name\":\"Istropolis - A district of citywide significance\",\"isPartOf\":{\"@id\":\"https:\\\/\\\/www.istropolis.sk\\\/en\\\/#website\"},\"primaryImageOfPage\":{\"@id\":\"https:\\\/\\\/www.istropolis.sk\\\/en\\\/#primaryimage\"},\"image\":{\"@id\":\"https:\\\/\\\/www.istropolis.sk\\\/en\\\/#primaryimage\"},\"thumbnailUrl\":\"https:\\\/\\\/www.istropolis.sk\\\/wp-content\\\/uploads\\\/2025\\\/02\\\/01_Istropolis_celok_den-2-1.jpg\",\"datePublished\":\"2024-06-12T13:48:30+00:00\",\"dateModified\":\"2026-01-27T14:51:31+00:00\",\"description\":\"We are changing a transfer station into a destination. We will create Istropolis as a sought-after location where everyone can find something for themselves - whether it's a new home, work, culture, or just a place to relax.\",\"breadcrumb\":{\"@id\":\"https:\\\/\\\/www.istropolis.sk\\\/en\\\/#breadcrumb\"},\"inLanguage\":\"en-US\",\"potentialAction\":[{\"@type\":\"ReadAction\",\"target\":[\"https:\\\/\\\/www.istropolis.sk\\\/en\\\/\"]}]},{\"@type\":\"ImageObject\",\"inLanguage\":\"en-US\",\"@id\":\"https:\\\/\\\/www.istropolis.sk\\\/en\\\/#primaryimage\",\"url\":\"https:\\\/\\\/www.istropolis.sk\\\/wp-content\\\/uploads\\\/2025\\\/02\\\/01_Istropolis_celok_den-2-1.jpg\",\"contentUrl\":\"https:\\\/\\\/www.istropolis.sk\\\/wp-content\\\/uploads\\\/2025\\\/02\\\/01_Istropolis_celok_den-2-1.jpg\",\"width\":2500,\"height\":1635},{\"@type\":\"BreadcrumbList\",\"@id\":\"https:\\\/\\\/www.istropolis.sk\\\/en\\\/#breadcrumb\",\"itemListElement\":[{\"@type\":\"ListItem\",\"position\":1,\"name\":\"Home\",\"item\":\"https:\\\/\\\/www.istropolis.sk\\\/en\\\/\"},{\"@type\":\"ListItem\",\"position\":2,\"name\":\"A district of citywide significance\"}]},{\"@type\":\"WebSite\",\"@id\":\"https:\\\/\\\/www.istropolis.sk\\\/en\\\/#website\",\"url\":\"https:\\\/\\\/www.istropolis.sk\\\/en\\\/\",\"name\":\"Istropolis - \u0160tvr\u0165 celomestsk\u00e9ho v\u00fdznamu\",\"description\":\"\u0160tvr\u0165 celomestsk\u00e9ho v\u00fdznamu\",\"publisher\":{\"@id\":\"https:\\\/\\\/www.istropolis.sk\\\/en\\\/#organization\"},\"alternateName\":\"Istropolis - \u0160tvr\u0165 celomestsk\u00e9ho v\u00fdznamu\",\"potentialAction\":[{\"@type\":\"SearchAction\",\"target\":{\"@type\":\"EntryPoint\",\"urlTemplate\":\"https:\\\/\\\/www.istropolis.sk\\\/en\\\/?s={search_term_string}\"},\"query-input\":{\"@type\":\"PropertyValueSpecification\",\"valueRequired\":true,\"valueName\":\"search_term_string\"}}],\"inLanguage\":\"en-US\"},{\"@type\":\"Organization\",\"@id\":\"https:\\\/\\\/www.istropolis.sk\\\/en\\\/#organization\",\"name\":\"Immocap, a.s.\",\"url\":\"https:\\\/\\\/www.istropolis.sk\\\/en\\\/\",\"logo\":{\"@type\":\"ImageObject\",\"inLanguage\":\"en-US\",\"@id\":\"https:\\\/\\\/www.istropolis.sk\\\/en\\\/#\\\/schema\\\/logo\\\/image\\\/\",\"url\":\"https:\\\/\\\/www.istropolis.sk\\\/wp-content\\\/uploads\\\/2025\\\/02\\\/IMMOCAP_Primary-logo_Color-1.png\",\"contentUrl\":\"https:\\\/\\\/www.istropolis.sk\\\/wp-content\\\/uploads\\\/2025\\\/02\\\/IMMOCAP_Primary-logo_Color-1.png\",\"width\":2380,\"height\":477,\"caption\":\"Immocap, a.s.\"},\"image\":{\"@id\":\"https:\\\/\\\/www.istropolis.sk\\\/en\\\/#\\\/schema\\\/logo\\\/image\\\/\"},\"sameAs\":[\"https:\\\/\\\/www.facebook.com\\\/istropolis.sk\",\"https:\\\/\\\/www.instagram.com\\\/istropolis.sk\\\/\"]}]}<\/script>\n<!-- \/ Yoast SEO plugin. -->","yoast_head_json":{"title":"Istropolis - A district of citywide significance","description":"We are changing a transfer station into a destination. We will create Istropolis as a sought-after location where everyone can find something for themselves - whether it's a new home, work, culture, or just a place to relax.","robots":{"index":"index","follow":"follow","max-snippet":"max-snippet:-1","max-image-preview":"max-image-preview:large","max-video-preview":"max-video-preview:-1"},"canonical":"https:\/\/www.istropolis.sk\/en\/","og_locale":"en_US","og_type":"article","og_title":"Istropolis - A district of citywide significance","og_description":"We are changing a transfer station into a destination. We will create Istropolis as a sought-after location where everyone can find something for themselves - whether it's a new home, work, culture, or just a place to relax.","og_url":"https:\/\/www.istropolis.sk\/en\/","og_site_name":"Istropolis","article_publisher":"https:\/\/www.facebook.com\/istropolis.sk","article_modified_time":"2026-01-27T14:51:31+00:00","og_image":[{"url":"https:\/\/www.istropolis.sk\/wp-content\/uploads\/2025\/02\/01_Istropolis_celok_den-2-1-1024x670.jpg","type":"","width":"","height":""}],"twitter_card":"summary_large_image","twitter_title":"Istropolis - A district of citywide significance","twitter_description":"We are changing a transfer station into a destination. We will create Istropolis as a sought-after location where everyone can find something for themselves - whether it's a new home, work, culture, or just a place to relax.","twitter_image":"https:\/\/www.istropolis.sk\/wp-content\/uploads\/2025\/02\/01_Istropolis_celok_den-2-1-1024x670.jpg","twitter_misc":{"Est. reading time":"6 minutes"},"schema":{"@context":"https:\/\/schema.org","@graph":[{"@type":"WebPage","@id":"https:\/\/www.istropolis.sk\/en\/","url":"https:\/\/www.istropolis.sk\/en\/","name":"Istropolis - A district of citywide significance","isPartOf":{"@id":"https:\/\/www.istropolis.sk\/en\/#website"},"primaryImageOfPage":{"@id":"https:\/\/www.istropolis.sk\/en\/#primaryimage"},"image":{"@id":"https:\/\/www.istropolis.sk\/en\/#primaryimage"},"thumbnailUrl":"https:\/\/www.istropolis.sk\/wp-content\/uploads\/2025\/02\/01_Istropolis_celok_den-2-1.jpg","datePublished":"2024-06-12T13:48:30+00:00","dateModified":"2026-01-27T14:51:31+00:00","description":"We are changing a transfer station into a destination. We will create Istropolis as a sought-after location where everyone can find something for themselves - whether it's a new home, work, culture, or just a place to relax.","breadcrumb":{"@id":"https:\/\/www.istropolis.sk\/en\/#breadcrumb"},"inLanguage":"en-US","potentialAction":[{"@type":"ReadAction","target":["https:\/\/www.istropolis.sk\/en\/"]}]},{"@type":"ImageObject","inLanguage":"en-US","@id":"https:\/\/www.istropolis.sk\/en\/#primaryimage","url":"https:\/\/www.istropolis.sk\/wp-content\/uploads\/2025\/02\/01_Istropolis_celok_den-2-1.jpg","contentUrl":"https:\/\/www.istropolis.sk\/wp-content\/uploads\/2025\/02\/01_Istropolis_celok_den-2-1.jpg","width":2500,"height":1635},{"@type":"BreadcrumbList","@id":"https:\/\/www.istropolis.sk\/en\/#breadcrumb","itemListElement":[{"@type":"ListItem","position":1,"name":"Home","item":"https:\/\/www.istropolis.sk\/en\/"},{"@type":"ListItem","position":2,"name":"A district of citywide significance"}]},{"@type":"WebSite","@id":"https:\/\/www.istropolis.sk\/en\/#website","url":"https:\/\/www.istropolis.sk\/en\/","name":"Istropolis - \u0160tvr\u0165 celomestsk\u00e9ho v\u00fdznamu","description":"\u0160tvr\u0165 celomestsk\u00e9ho v\u00fdznamu","publisher":{"@id":"https:\/\/www.istropolis.sk\/en\/#organization"},"alternateName":"Istropolis - \u0160tvr\u0165 celomestsk\u00e9ho v\u00fdznamu","potentialAction":[{"@type":"SearchAction","target":{"@type":"EntryPoint","urlTemplate":"https:\/\/www.istropolis.sk\/en\/?s={search_term_string}"},"query-input":{"@type":"PropertyValueSpecification","valueRequired":true,"valueName":"search_term_string"}}],"inLanguage":"en-US"},{"@type":"Organization","@id":"https:\/\/www.istropolis.sk\/en\/#organization","name":"Immocap, a.s.","url":"https:\/\/www.istropolis.sk\/en\/","logo":{"@type":"ImageObject","inLanguage":"en-US","@id":"https:\/\/www.istropolis.sk\/en\/#\/schema\/logo\/image\/","url":"https:\/\/www.istropolis.sk\/wp-content\/uploads\/2025\/02\/IMMOCAP_Primary-logo_Color-1.png","contentUrl":"https:\/\/www.istropolis.sk\/wp-content\/uploads\/2025\/02\/IMMOCAP_Primary-logo_Color-1.png","width":2380,"height":477,"caption":"Immocap, a.s."},"image":{"@id":"https:\/\/www.istropolis.sk\/en\/#\/schema\/logo\/image\/"},"sameAs":["https:\/\/www.facebook.com\/istropolis.sk","https:\/\/www.instagram.com\/istropolis.sk\/"]}]}},"_links":{"self":[{"href":"https:\/\/www.istropolis.sk\/en\/wp-json\/wp\/v2\/pages\/2317","targetHints":{"allow":["GET"]}}],"collection":[{"href":"https:\/\/www.istropolis.sk\/en\/wp-json\/wp\/v2\/pages"}],"about":[{"href":"https:\/\/www.istropolis.sk\/en\/wp-json\/wp\/v2\/types\/page"}],"author":[{"embeddable":true,"href":"https:\/\/www.istropolis.sk\/en\/wp-json\/wp\/v2\/users\/1"}],"replies":[{"embeddable":true,"href":"https:\/\/www.istropolis.sk\/en\/wp-json\/wp\/v2\/comments?post=2317"}],"version-history":[{"count":19,"href":"https:\/\/www.istropolis.sk\/en\/wp-json\/wp\/v2\/pages\/2317\/revisions"}],"predecessor-version":[{"id":3770,"href":"https:\/\/www.istropolis.sk\/en\/wp-json\/wp\/v2\/pages\/2317\/revisions\/3770"}],"wp:featuredmedia":[{"embeddable":true,"href":"https:\/\/www.istropolis.sk\/en\/wp-json\/wp\/v2\/media\/2315"}],"wp:attachment":[{"href":"https:\/\/www.istropolis.sk\/en\/wp-json\/wp\/v2\/media?parent=2317"}],"curies":[{"name":"wp","href":"https:\/\/api.w.org\/{rel}","templated":true}]}}